{"id":12,"date":"2015-02-20T20:12:25","date_gmt":"2015-02-20T20:12:25","guid":{"rendered":"https:\/\/avada.theme-fusion.com_demos\/law\/?page_id=12"},"modified":"2023-07-18T14:00:42","modified_gmt":"2023-07-18T12:00:42","slug":"specjalizacje","status":"publish","type":"page","link":"https:\/\/pkancelaria.com\/index.php\/specjalizacje\/","title":{"rendered":"Specjalizacje"},"content":{"rendered":"<p><div class=\"fusion-fullwidth fullwidth-box fusion-builder-row-1 fusion-flex-container has-pattern-background has-mask-background nonhundred-percent-fullwidth non-hundred-percent-height-scrolling\" style=\"--awb-border-radius-top-left:0px;--awb-border-radius-top-right:0px;--awb-border-radius-bottom-right:0px;--awb-border-radius-bottom-left:0px;--awb-flex-wrap:wrap;\" ><div class=\"fusion-builder-row fusion-row fusion-flex-align-items-flex-start fusion-flex-content-wrap\" style=\"max-width:1216.8px;margin-left: calc(-4% \/ 2 );margin-right: calc(-4% \/ 2 );\"><div class=\"fusion-layout-column fusion_builder_column fusion-builder-column-0 fusion_builder_column_1_1 1_1 fusion-flex-column\" style=\"--awb-bg-size:cover;--awb-width-large:100%;--awb-margin-top-large:50px;--awb-spacing-right-large:1.92%;--awb-margin-bottom-large:20px;--awb-spacing-left-large:1.92%;--awb-width-medium:100%;--awb-order-medium:0;--awb-spacing-right-medium:1.92%;--awb-spacing-left-medium:1.92%;--awb-width-small:100%;--awb-order-small:0;--awb-spacing-right-small:1.92%;--awb-spacing-left-small:1.92%;\"><div class=\"fusion-column-wrapper fusion-column-has-shadow fusion-flex-justify-content-flex-start fusion-content-layout-column\"><div class=\"fusion-flip-boxes flip-boxes row fusion-columns-3 flip-effect-3d equal-heights\" style=\"--awb-flip-duration:1.0s;--awb-margin-top:16px;--awb-margin-bottom:16px;\"><div class=\"fusion-flip-box-wrapper fusion-column col-lg-4 col-md-4 col-sm-4\"><div class=\"fusion-flip-box flip-up\" tabindex=\"0\"><div class=\"flip-box-inner-wrapper\"><div class=\"flip-box-front\" style=\"--awb-icon-color:#ffffff;--awb-border-color:#ffffff;--awb-border-size:0px;--awb-border-radius:6px;--awb-background-color-front:var(--awb-color6);--awb-title-front-color:#ffffff;--awb-text-front-color:#ffffff;\"><div class=\"flip-box-front-inner\"><div class=\"flip-box-grafix flip-box-no-circle\"><i aria-hidden=\"true\" class=\"classic-cubes-solid\"><\/i><\/div><h3 class=\"flip-box-heading\" style=\"--h3_typography-text-transform:capitalize;\">Zak\u0142adanie sp\u00f3\u0142ek<\/h3>Doradzamy w wybraniu odpowiedniej formy dzia\u0142alno\u015bci gospodarczej oraz przeprowadzamy Klienta przez ca\u0142y proces rejestracji sp\u00f3\u0142ki w rejestrze przedsi\u0119biorc\u00f3w. <\/div><\/div><div class=\"flip-box-back\" style=\"--awb-icon-color:#ffffff;--awb-border-color:#ffffff;--awb-border-size:0px;--awb-border-radius:6px;--awb-background-color-back:var(--awb-color7);--awb-title-back-color:#ffffff;--awb-text-back-color:rgba(255,255,255,0.8);\"><div class=\"flip-box-back-inner\">\n<p style=\"text-align: left;\">Mamy bogate do\u015bwiadczenie w zak\u0142adaniu wszystkich sp\u00f3\u0142ek, zar\u00f3wno osobowych (sp\u00f3\u0142ka jawna, partnerska, komandytowa, komandytowo-akcyjna), jak i kapita\u0142owych (sp\u00f3\u0142ka z ograniczon\u0105 odpowiedzialno\u015bci\u0105, sp\u00f3\u0142ka akcyjna).<\/p>\n<p style=\"text-align: left;\">Pomagamy r\u00f3wnie\u017c przy zak\u0142adaniu fundacji lub stowarzysze\u0144.<\/p>\n<p style=\"text-align: left;\">Naszym Klientom oferujemy:<\/p>\n<ul>\n<li style=\"text-align: left;\">Konsultacj\u0119 w zakresie doboru odpowiedniej formy prawnej dla prowadzenia zamierzonej dzia\u0142alno\u015bci gospodarczej;<\/li>\n<li style=\"text-align: left;\">Przygotowanie pe\u0142nej dokumentacji pod k\u0105tem rejestracji sp\u00f3\u0142ki, w tym umowy (statutu) sp\u00f3\u0142ki, wniosk\u00f3w do KRS, umowy najmu lokalu pod siedzib\u0119 firmy;<\/li>\n<li style=\"text-align: left;\">Nadz\u00f3r i asyst\u0119 w toku ca\u0142ego procesu, w\u0142\u0105cznie z wizyt\u0105 u notariusza;<\/li>\n<li style=\"text-align: left;\">Odbi\u00f3r oryginalnych dokument\u00f3w przez Klienta po uko\u0144czeniu procesu rejestracji sp\u00f3\u0142ki;<\/li>\n<li style=\"text-align: left;\">Rejestracj\u0119 sp\u00f3\u0142ki przez internet w procedurze S24.<\/li>\n<li style=\"text-align: left;\">Zak\u0142adanie sp\u00f3\u0142ek dla cudzoziemc\u00f3w<\/li>\n<\/ul>\n<\/div><\/div><\/div><\/div><\/div><div class=\"fusion-flip-box-wrapper fusion-column col-lg-4 col-md-4 col-sm-4\"><div class=\"fusion-flip-box flip-right\" tabindex=\"0\"><div class=\"flip-box-inner-wrapper\"><div class=\"flip-box-front\" style=\"--awb-icon-color:#ffffff;--awb-border-color:#ffffff;--awb-border-size:0px;--awb-border-radius:6px;--awb-background-color-front:hsla(calc(198 - 35),100%,41%,100%);--awb-title-front-color:#ffffff;--awb-text-front-color:#ffffff;--awb-background-image-front:url(&#039;https:\/\/pkancelaria.com\/wp-content\/uploads\/2023\/07\/AdobeStock_604848936-scaled.jpeg&#039;);\"><div class=\"flip-box-front-inner\"><div class=\"flip-box-grafix flip-box-no-circle\"><i aria-hidden=\"true\" class=\"fa-cogs fas\"><\/i><\/div><h3 class=\"flip-box-heading\" style=\"--h3_typography-text-transform:capitalize;\">Przekszta\u0142cenia<\/h3>Specjalizujemy si\u0119 w przekszta\u0142ceniach sp\u00f3\u0142ek rokrocznie przeprowadzaj\u0105c nawet kilkana\u015bcie takich proces\u00f3w. <\/div><\/div><div class=\"flip-box-back\" style=\"--awb-icon-color:#ffffff;--awb-border-color:#ffffff;--awb-border-size:0px;--awb-border-radius:6px;--awb-background-color-back:#141617;--awb-title-back-color:#ffffff;--awb-text-back-color:rgba(255,255,255,0.8);\"><div class=\"flip-box-back-inner\">\n<p style=\"text-align: left;\">Przekszta\u0142cenie mo\u017ce by\u0107 szans\u0105 na:<\/p>\n<ul style=\"text-align: left;\">\n<li>zapewnienie sukcesji firmy<\/li>\n<li>obni\u017cenie opodatkowania<\/li>\n<li>ograniczenie odpowiedzialno\u015bci za zobowi\u0105zania firmy.<\/li>\n<\/ul>\n<p style=\"text-align: left;\">Doradzaj\u0105c w tym procesie k\u0142adziemy du\u017cy nacisk na kwestie podatkowe, zabezpieczaj\u0105c klient\u00f3w przed ich negatywnymi skutkami.<\/p>\n<p style=\"text-align: left;\">Nasze doradztwo w omawianym zakresie obejmuje:<\/p>\n<ul>\n<li style=\"text-align: left;\">Doradztwo przy wyborze odpowiedniej formy prowadzenia dzia\u0142alno\u015bci;<\/li>\n<li style=\"text-align: left;\">Podatkow\u0105 analiz\u0119 skutk\u00f3w prawnych samego procesu przekszta\u0142cenia jak i prowadzenia dzia\u0142alno\u015bci przez sp\u00f3\u0142k\u0119 przekszta\u0142con\u0105;<\/li>\n<li style=\"text-align: left;\">Stworzenie harmonogramu procesu oraz wsp\u00f3\u0142prac\u0119 z bieg\u0142ym rewidentem, doradc\u0105 podatkowym oraz notariuszem;<\/li>\n<li style=\"text-align: left;\">Opracowanie pe\u0142nej dokumentacji pod przekszta\u0142cenie w tym planu przekszta\u0142cenia, uchwa\u0142 przekszta\u0142ceniowych oraz dokument\u00f3w do KRS.<\/li>\n<\/ul>\n<\/div><\/div><\/div><\/div><\/div><div class=\"fusion-flip-box-wrapper fusion-column col-lg-4 col-md-4 col-sm-4\"><div class=\"fusion-flip-box flip-down\" tabindex=\"0\"><div class=\"flip-box-inner-wrapper\"><div class=\"flip-box-front\" style=\"--awb-icon-color:#ffffff;--awb-border-color:#0094d3;--awb-border-size:0px;--awb-border-radius:6px;--awb-background-color-front:var(--awb-color5);--awb-title-front-color:#ffffff;--awb-text-front-color:#ffffff;\"><div class=\"flip-box-front-inner\"><div class=\"flip-box-grafix flip-box-no-circle\"><i aria-hidden=\"true\" class=\"fa-coins fas\"><\/i><\/div><h3 class=\"flip-box-heading\" style=\"--h3_typography-text-transform:capitalize;\">Aporty<\/h3>Utworzenie sp\u00f3\u0142ki wymaga wniesienia do niej wk\u0142ad\u00f3w, czyli maj\u0105tku pocz\u0105tkowego, kt\u00f3ry pozwoli jej na rozpocz\u0119cie i dalsze prowadzenie dzia\u0142alno\u015bci gospodarczej. Wk\u0142adem mo\u017ce by\u0107 got\u00f3wka, ale r\u00f3wnie\u017c nieruchomo\u015bci, \u015brodki trwa\u0142e, wierzytelno\u015bci, prawa w\u0142asno\u015bci intelektualnej, a nawet ca\u0142e przedsi\u0119biorstwa lub ich cz\u0119\u015bci. Ka\u017cdy wk\u0142ad, kt\u00f3ry nie ma charakteru pieni\u0119\u017cnego nazywamy aportem.<\/div><\/div><div class=\"flip-box-back\" style=\"--awb-icon-color:#ffffff;--awb-border-color:#0094d3;--awb-border-size:0px;--awb-border-radius:6px;--awb-background-color-back:var(--awb-color4);--awb-title-back-color:#ffffff;--awb-text-back-color:rgba(255,255,255,0.8);\"><div class=\"flip-box-back-inner\">\n<p style=\"text-align: left;\">Wniesienie aportu s\u0142u\u017cy rozmaitym celom biznesowym: dokapitalizowaniu sp\u00f3\u0142ki, restrukturyzacji, mo\u017ce by\u0107 r\u00f3wnie\u017c elementem planowania podatkowego, czy form\u0105 sprzeda\u017cy biznesu.<\/p>\n<p style=\"text-align: left;\">Doradzamy zar\u00f3wno przy tworzeniu aport\u00f3w obejmuj\u0105cych ca\u0142e przedsi\u0119biorstwa lub ich zorganizowane cz\u0119\u015bci, jak i obejmuj\u0105cych wybrane sk\u0142adniki maj\u0105tkowe.<\/p>\n<p style=\"text-align: left;\">Nasze doradztwo przy tworzeniu i wnoszeniu aport\u00f3w obejmuje:<\/p>\n<ul>\n<li style=\"text-align: left;\">przygotowanie aportu \u2013 jego wyodr\u0119bnienie oraz odpowiednie opisanie w uchwa\u0142ach oraz umowach przenosz\u0105cych w\u0142asno\u015b\u0107 aportu<\/li>\n<li style=\"text-align: left;\">doradztwo przy wyodr\u0119bnieniu zorganizowanej cz\u0119\u015bci przedsi\u0119biorstwa<\/li>\n<li style=\"text-align: left;\">doradztwo w zakresie prawa pracy<\/li>\n<li style=\"text-align: left;\">doradztwo przy uzyskiwaniu zg\u00f3d kontrahent\u00f3w lub urz\u0119d\u00f3w oraz powiadomieniu pracownik\u00f3w<\/li>\n<li style=\"text-align: left;\">zaopiniowanie skutk\u00f3w wniesienia aportu dla wszystkich podmiot\u00f3w bior\u0105cych udzia\u0142 w procesie<\/li>\n<li style=\"text-align: left;\">przygotowanie uchwa\u0142 oraz um\u00f3w przenosz\u0105cych aport oraz jego rejestracj\u0119 w KRS<\/li>\n<\/ul>\n<\/div><\/div><\/div><\/div><\/div><\/div><\/div><\/div><\/div><\/div><div class=\"fusion-fullwidth fullwidth-box fusion-builder-row-2 fusion-flex-container has-pattern-background has-mask-background nonhundred-percent-fullwidth non-hundred-percent-height-scrolling\" style=\"--awb-border-radius-top-left:0px;--awb-border-radius-top-right:0px;--awb-border-radius-bottom-right:0px;--awb-border-radius-bottom-left:0px;--awb-flex-wrap:wrap;\" ><div class=\"fusion-builder-row fusion-row fusion-flex-align-items-flex-start fusion-flex-content-wrap\" style=\"max-width:1216.8px;margin-left: calc(-4% \/ 2 );margin-right: calc(-4% \/ 2 );\"><div class=\"fusion-layout-column fusion_builder_column fusion-builder-column-1 fusion_builder_column_1_1 1_1 fusion-flex-column\" style=\"--awb-bg-size:cover;--awb-width-large:100%;--awb-margin-top-large:0px;--awb-spacing-right-large:1.92%;--awb-margin-bottom-large:20px;--awb-spacing-left-large:1.92%;--awb-width-medium:100%;--awb-order-medium:0;--awb-spacing-right-medium:1.92%;--awb-spacing-left-medium:1.92%;--awb-width-small:100%;--awb-order-small:0;--awb-spacing-right-small:1.92%;--awb-spacing-left-small:1.92%;\"><div class=\"fusion-column-wrapper fusion-column-has-shadow fusion-flex-justify-content-flex-start fusion-content-layout-column\"><div class=\"fusion-flip-boxes flip-boxes row fusion-columns-3 flip-effect-3d equal-heights\" style=\"--awb-flip-duration:1.0s;--awb-margin-top:16px;--awb-margin-bottom:16px;\"><div class=\"fusion-flip-box-wrapper fusion-column col-lg-4 col-md-4 col-sm-4\"><div class=\"fusion-flip-box flip-up\" tabindex=\"0\"><div class=\"flip-box-inner-wrapper\"><div class=\"flip-box-front\" style=\"--awb-icon-color:#ffffff;--awb-border-color:#ffffff;--awb-border-size:0px;--awb-border-radius:6px;--awb-background-color-front:var(--awb-color6);--awb-title-front-color:#ffffff;--awb-text-front-color:#ffffff;--awb-background-image-front:url(&#039;https:\/\/pkancelaria.com\/wp-content\/uploads\/2023\/07\/AdobeStock_601309460-scaled.jpeg&#039;);\"><div class=\"flip-box-front-inner\"><div class=\"flip-box-grafix flip-box-no-circle\"><i aria-hidden=\"true\" class=\"classic-child-solid\"><\/i><\/div><h3 class=\"flip-box-heading\" style=\"--h3_typography-text-transform:capitalize;\">Prawo Pracy<\/h3>Przepisy prawa pracy w ostatnich latach by\u0142y wielokrotnie nowelizowane. Pomagamy naszym klientom zaadaptowa\u0107 si\u0119 do zmieniaj\u0105cych regulacji, a w razie konieczno\u015bci reprezentuj\u0105c ich w post\u0119powaniach przez s\u0105dami pracy lub w post\u0119powaniach mediacyjnych <\/div><\/div><div class=\"flip-box-back\" style=\"--awb-icon-color:#ffffff;--awb-border-color:#ffffff;--awb-border-size:0px;--awb-border-radius:6px;--awb-background-color-back:var(--awb-color7);--awb-title-back-color:#ffffff;--awb-text-back-color:rgba(255,255,255,0.8);\"><div class=\"flip-box-back-inner\">\n<p>Tworzymy umowy z pracownikami, zakazy konkurencji i umowy o zachowaniu poufno\u015bci.<\/p>\n<p>Pomagamy wdra\u017ca\u0107 regulaminy pracy oraz wynagradzania. Doradzamy i szkolimy w sprawach zwi\u0105zanych z zatrudnianiem cudzoziemc\u00f3w.<\/p>\n<p>Reprezentujemy Klient\u00f3w w sporach z zakresu prawa pracy oraz w post\u0119powaniach z ZUS oraz Inspekcj\u0105 Pracy.<\/p>\n<p>Nasze us\u0142ugi obejmuj\u0105 tak\u017ce szkolenia z zakresu prawa pracy, w tym wdro\u017cenia Pracowniczych Plan\u00f3w Kapita\u0142owych.<\/p>\n<\/div><\/div><\/div><\/div><\/div><div class=\"fusion-flip-box-wrapper fusion-column col-lg-4 col-md-4 col-sm-4\"><div class=\"fusion-flip-box flip-right\" tabindex=\"0\"><div class=\"flip-box-inner-wrapper\"><div class=\"flip-box-front\" style=\"--awb-icon-color:#ffffff;--awb-border-color:#ffffff;--awb-border-size:0px;--awb-border-radius:6px;--awb-background-color-front:var(--awb-color5);--awb-title-front-color:#ffffff;--awb-text-front-color:#ffffff;\"><div class=\"flip-box-front-inner\"><div class=\"flip-box-grafix flip-box-no-circle\"><i aria-hidden=\"true\" class=\"classic-globe\"><\/i><\/div><h3 class=\"flip-box-heading\" style=\"--h3_typography-text-transform:capitalize;\">Prawo internetu<\/h3>Jednym z zasadniczych obszar\u00f3w dzia\u0142alno\u015bci Kancelarii jest doradztwo prawne w sektorze nowych technologii (IT). Wspieramy podmioty zwi\u0105zane z e-biznesem tworz\u0105c elastyczne regulaminy internetowe, regulaminy przetwarzania baz danych (polityki prywatno\u015bci i polityki cookies), a tak\u017ce przeprowadzamy weryfikacj\u0119 dzia\u0142aj\u0105cych ju\u017c rozwi\u0105za\u0144.<\/div><\/div><div class=\"flip-box-back\" style=\"--awb-icon-color:#ffffff;--awb-border-color:#ffffff;--awb-border-size:0px;--awb-border-radius:6px;--awb-background-color-back:#141617;--awb-title-back-color:#ffffff;--awb-text-back-color:rgba(255,255,255,0.8);\"><div class=\"flip-box-back-inner\">\n<p style=\"text-align: left;\">Pomagamy w negocjacjach oraz sporz\u0105dzamy umowy zwi\u0105zane z \u015bwiadczeniem us\u0142ug lub sprzeda\u017c\u0105 towar\u00f3w w Internecie.<\/p>\n<p style=\"text-align: left;\">Naszym klientom oferujemy:<\/p>\n<ul>\n<li style=\"text-align: left;\">Tworzenie regulamin\u00f3w sklep\u00f3w internetowych oraz szczeg\u00f3\u0142owych zasad \u015bwiadczenia us\u0142ug drog\u0105 elektroniczn\u0105 przez sklepy i serwisy internetowe;<\/li>\n<li style=\"text-align: left;\">Przeprowadzenie audytu w szczeg\u00f3lno\u015bci w zakresie legalno\u015bci zasad gwarancji, procedur reklamacji, polityki zwrot\u00f3w, zasad sprzeda\u017cy konsumenckiej,<\/li>\n<li style=\"text-align: left;\">Doradztwo w zakresie tworzenia i wykorzystywania elektronicznych baz danych oraz przygotowywanie polityki prywatno\u015bci;<\/li>\n<li style=\"text-align: left;\">Opracowanie pe\u0142nej dokumentacji zwi\u0105zanej z wej\u015bciem podmiotu do bran\u017cy e-commerce;<\/li>\n<li style=\"text-align: left;\">Opiniowanie i przygotowywanie um\u00f3w dotycz\u0105cych praw autorskich, nowych technologii oraz um\u00f3w licencyjnych;<\/li>\n<li style=\"text-align: left;\">Reprezentacja klient\u00f3w w post\u0119powaniu administracyjnym przed UOKiK oraz PUODO.<\/li>\n<\/ul>\n<\/div><\/div><\/div><\/div><\/div><div class=\"fusion-flip-box-wrapper fusion-column col-lg-4 col-md-4 col-sm-4\"><div class=\"fusion-flip-box flip-down\" tabindex=\"0\"><div class=\"flip-box-inner-wrapper\"><div class=\"flip-box-front\" style=\"--awb-icon-color:#ffffff;--awb-border-color:#0094d3;--awb-border-size:0px;--awb-border-radius:6px;--awb-background-color-front:var(--awb-color5);--awb-title-front-color:#ffffff;--awb-text-front-color:#ffffff;--awb-background-image-front:url(&#039;https:\/\/pkancelaria.com\/wp-content\/uploads\/2023\/07\/AdobeStock_594380969-scaled.jpeg&#039;);\"><div class=\"flip-box-front-inner\"><div class=\"flip-box-grafix flip-box-no-circle\"><i aria-hidden=\"true\" class=\"fa-book-reader fas\"><\/i><\/div><h3 class=\"flip-box-heading\" style=\"--h3_typography-text-transform:capitalize;\">Prawo gospodarcze<\/h3>Specjalizujemy si\u0119 w przygotowywaniu kontrakt\u00f3w handlowych oraz opinii prawnych z zakresu prawa cywilnego praz prawa sp\u00f3\u0142ek<\/div><\/div><div class=\"flip-box-back\" style=\"--awb-icon-color:#ffffff;--awb-border-color:#0094d3;--awb-border-size:0px;--awb-border-radius:6px;--awb-background-color-back:var(--awb-color4);--awb-title-back-color:#ffffff;--awb-text-back-color:rgba(255,255,255,0.8);\"><div class=\"flip-box-back-inner\">\n<p style=\"text-align: left;\">Reprezentujemy naszych klient\u00f3w w sporach s\u0105dowych przed s\u0105dami powszechnymi.<\/p>\n<p style=\"text-align: left;\">Posiadamy bogate do\u015bwiadczenie w procesach fuzji i przej\u0119\u0107, zapewniamy wsparcie zar\u00f3wno w procesach DD jak i przy przygotowywaniu dokumentacji transakcyjnej.<\/p>\n<p style=\"text-align: left;\">Przy wsp\u00f3\u0142pracy z podatkowcami przygotowujemy struktury optymalizacyjnej, przeprowadzaj\u0105c skomplikowane procesy reorganizacji ca\u0142ych grup sp\u00f3\u0142ek.<\/p>\n<p style=\"text-align: left;\">Przygotowujemy dokumentacj\u0119 zwi\u0105zan\u0105 z obs\u0142ug\u0105 organ\u00f3w sp\u00f3\u0142ek<\/p>\n<ul>\n<li style=\"text-align: left;\">Protoko\u0142y ZW oraz WZA;<\/li>\n<li style=\"text-align: left;\">Protoko\u0142y posiedze\u0144 Zarz\u0105d\u00f3w oraz Rad Nadzorczych;<\/li>\n<li style=\"text-align: left;\">Zg\u0142aszanie sprawozda\u0144 finansowych oraz przygotowywanie zg\u0142osze\u0144 CRBR.<\/li>\n<\/ul>\n<\/div><\/div><\/div><\/div><\/div><\/div><\/div><\/div><\/div><\/div><\/p>\n","protected":false},"excerpt":{"rendered":"","protected":false},"author":1,"featured_media":0,"parent":0,"menu_order":0,"comment_status":"open","ping_status":"open","template":"100-width.php","meta":{"footnotes":""},"class_list":["post-12","page","type-page","status-publish","hentry"],"yoast_head":"<!-- This site is optimized with the Yoast SEO plugin v27.5 - https:\/\/yoast.com\/product\/yoast-seo-wordpress\/ -->\n<title>Specjalizacje - Kancelaria Prawna Pawe\u0142 Kobierzewski<\/title>\n<meta name=\"description\" content=\"Kancelaria prawna specjalizuj\u0105c\u0105 si\u0119 w procesach przekszta\u0142ce\u0144, aportach, prawie handlowym, cywilnym oraz w prawie pracy\" \/>\n<meta name=\"robots\" content=\"index, follow, max-snippet:-1, max-image-preview:large, max-video-preview:-1\" \/>\n<link rel=\"canonical\" href=\"https:\/\/pkancelaria.com\/index.php\/specjalizacje\/\" \/>\n<meta property=\"og:locale\" content=\"pl_PL\" \/>\n<meta property=\"og:type\" content=\"article\" \/>\n<meta property=\"og:title\" content=\"Specjalizacje - Kancelaria Prawna Pawe\u0142 Kobierzewski\" \/>\n<meta property=\"og:description\" content=\"Kancelaria prawna specjalizuj\u0105c\u0105 si\u0119 w procesach przekszta\u0142ce\u0144, aportach, prawie handlowym, cywilnym oraz w prawie pracy\" \/>\n<meta property=\"og:url\" content=\"https:\/\/pkancelaria.com\/index.php\/specjalizacje\/\" \/>\n<meta property=\"og:site_name\" content=\"Kancelaria Prawna Pawe\u0142 Kobierzewski\" \/>\n<meta property=\"article:modified_time\" content=\"2023-07-18T12:00:42+00:00\" \/>\n<meta property=\"og:image\" content=\"https:\/\/pkancelaria.com\/wp-content\/uploads\/2023\/07\/PK-e1689415073467.png\" \/>\n\t<meta property=\"og:image:width\" content=\"400\" \/>\n\t<meta property=\"og:image:height\" content=\"286\" \/>\n\t<meta property=\"og:image:type\" content=\"image\/png\" \/>\n<meta name=\"twitter:card\" content=\"summary_large_image\" \/>\n<meta name=\"twitter:label1\" content=\"Szacowany czas czytania\" \/>\n\t<meta name=\"twitter:data1\" content=\"7 minut\" \/>\n<script type=\"application\/ld+json\" class=\"yoast-schema-graph\">{\"@context\":\"https:\\\/\\\/schema.org\",\"@graph\":[{\"@type\":\"WebPage\",\"@id\":\"https:\\\/\\\/pkancelaria.com\\\/index.php\\\/specjalizacje\\\/\",\"url\":\"https:\\\/\\\/pkancelaria.com\\\/index.php\\\/specjalizacje\\\/\",\"name\":\"Specjalizacje - Kancelaria Prawna Pawe\u0142 Kobierzewski\",\"isPartOf\":{\"@id\":\"https:\\\/\\\/pkancelaria.com\\\/#website\"},\"datePublished\":\"2015-02-20T20:12:25+00:00\",\"dateModified\":\"2023-07-18T12:00:42+00:00\",\"description\":\"Kancelaria prawna specjalizuj\u0105c\u0105 si\u0119 w procesach przekszta\u0142ce\u0144, aportach, prawie handlowym, cywilnym oraz w prawie pracy\",\"breadcrumb\":{\"@id\":\"https:\\\/\\\/pkancelaria.com\\\/index.php\\\/specjalizacje\\\/#breadcrumb\"},\"inLanguage\":\"pl-PL\",\"potentialAction\":[{\"@type\":\"ReadAction\",\"target\":[\"https:\\\/\\\/pkancelaria.com\\\/index.php\\\/specjalizacje\\\/\"]}]},{\"@type\":\"BreadcrumbList\",\"@id\":\"https:\\\/\\\/pkancelaria.com\\\/index.php\\\/specjalizacje\\\/#breadcrumb\",\"itemListElement\":[{\"@type\":\"ListItem\",\"position\":1,\"name\":\"Strona g\u0142\u00f3wna\",\"item\":\"https:\\\/\\\/pkancelaria.com\\\/\"},{\"@type\":\"ListItem\",\"position\":2,\"name\":\"Specjalizacje\"}]},{\"@type\":\"WebSite\",\"@id\":\"https:\\\/\\\/pkancelaria.com\\\/#website\",\"url\":\"https:\\\/\\\/pkancelaria.com\\\/\",\"name\":\"Kancelaria Prawna Pawe\u0142 Kobierzewski\",\"description\":\"Kancelaria prawa gospodarczego specjalizuj\u0105ca si\u0119 w przekszta\u0142ceniach sp\u00f3\u0142ek, aportach oraz doradztwie z zakresu prawa pracy.\",\"publisher\":{\"@id\":\"https:\\\/\\\/pkancelaria.com\\\/#organization\"},\"potentialAction\":[{\"@type\":\"SearchAction\",\"target\":{\"@type\":\"EntryPoint\",\"urlTemplate\":\"https:\\\/\\\/pkancelaria.com\\\/?s={search_term_string}\"},\"query-input\":{\"@type\":\"PropertyValueSpecification\",\"valueRequired\":true,\"valueName\":\"search_term_string\"}}],\"inLanguage\":\"pl-PL\"},{\"@type\":\"Organization\",\"@id\":\"https:\\\/\\\/pkancelaria.com\\\/#organization\",\"name\":\"Kancelaria Prawna Pawe\u0142 Kobierzewski\",\"url\":\"https:\\\/\\\/pkancelaria.com\\\/\",\"logo\":{\"@type\":\"ImageObject\",\"inLanguage\":\"pl-PL\",\"@id\":\"https:\\\/\\\/pkancelaria.com\\\/#\\\/schema\\\/logo\\\/image\\\/\",\"url\":\"https:\\\/\\\/pkancelaria.com\\\/wp-content\\\/uploads\\\/2023\\\/07\\\/PK-e1689415073467.png\",\"contentUrl\":\"https:\\\/\\\/pkancelaria.com\\\/wp-content\\\/uploads\\\/2023\\\/07\\\/PK-e1689415073467.png\",\"width\":400,\"height\":286,\"caption\":\"Kancelaria Prawna Pawe\u0142 Kobierzewski\"},\"image\":{\"@id\":\"https:\\\/\\\/pkancelaria.com\\\/#\\\/schema\\\/logo\\\/image\\\/\"}}]}<\/script>\n<!-- \/ Yoast SEO plugin. -->","yoast_head_json":{"title":"Specjalizacje - Kancelaria Prawna Pawe\u0142 Kobierzewski","description":"Kancelaria prawna specjalizuj\u0105c\u0105 si\u0119 w procesach przekszta\u0142ce\u0144, aportach, prawie handlowym, cywilnym oraz w prawie pracy","robots":{"index":"index","follow":"follow","max-snippet":"max-snippet:-1","max-image-preview":"max-image-preview:large","max-video-preview":"max-video-preview:-1"},"canonical":"https:\/\/pkancelaria.com\/index.php\/specjalizacje\/","og_locale":"pl_PL","og_type":"article","og_title":"Specjalizacje - Kancelaria Prawna Pawe\u0142 Kobierzewski","og_description":"Kancelaria prawna specjalizuj\u0105c\u0105 si\u0119 w procesach przekszta\u0142ce\u0144, aportach, prawie handlowym, cywilnym oraz w prawie pracy","og_url":"https:\/\/pkancelaria.com\/index.php\/specjalizacje\/","og_site_name":"Kancelaria Prawna Pawe\u0142 Kobierzewski","article_modified_time":"2023-07-18T12:00:42+00:00","og_image":[{"width":400,"height":286,"url":"https:\/\/pkancelaria.com\/wp-content\/uploads\/2023\/07\/PK-e1689415073467.png","type":"image\/png"}],"twitter_card":"summary_large_image","twitter_misc":{"Szacowany czas czytania":"7 minut"},"schema":{"@context":"https:\/\/schema.org","@graph":[{"@type":"WebPage","@id":"https:\/\/pkancelaria.com\/index.php\/specjalizacje\/","url":"https:\/\/pkancelaria.com\/index.php\/specjalizacje\/","name":"Specjalizacje - Kancelaria Prawna Pawe\u0142 Kobierzewski","isPartOf":{"@id":"https:\/\/pkancelaria.com\/#website"},"datePublished":"2015-02-20T20:12:25+00:00","dateModified":"2023-07-18T12:00:42+00:00","description":"Kancelaria prawna specjalizuj\u0105c\u0105 si\u0119 w procesach przekszta\u0142ce\u0144, aportach, prawie handlowym, cywilnym oraz w prawie pracy","breadcrumb":{"@id":"https:\/\/pkancelaria.com\/index.php\/specjalizacje\/#breadcrumb"},"inLanguage":"pl-PL","potentialAction":[{"@type":"ReadAction","target":["https:\/\/pkancelaria.com\/index.php\/specjalizacje\/"]}]},{"@type":"BreadcrumbList","@id":"https:\/\/pkancelaria.com\/index.php\/specjalizacje\/#breadcrumb","itemListElement":[{"@type":"ListItem","position":1,"name":"Strona g\u0142\u00f3wna","item":"https:\/\/pkancelaria.com\/"},{"@type":"ListItem","position":2,"name":"Specjalizacje"}]},{"@type":"WebSite","@id":"https:\/\/pkancelaria.com\/#website","url":"https:\/\/pkancelaria.com\/","name":"Kancelaria Prawna Pawe\u0142 Kobierzewski","description":"Kancelaria prawa gospodarczego specjalizuj\u0105ca si\u0119 w przekszta\u0142ceniach sp\u00f3\u0142ek, aportach oraz doradztwie z zakresu prawa pracy.","publisher":{"@id":"https:\/\/pkancelaria.com\/#organization"},"potentialAction":[{"@type":"SearchAction","target":{"@type":"EntryPoint","urlTemplate":"https:\/\/pkancelaria.com\/?s={search_term_string}"},"query-input":{"@type":"PropertyValueSpecification","valueRequired":true,"valueName":"search_term_string"}}],"inLanguage":"pl-PL"},{"@type":"Organization","@id":"https:\/\/pkancelaria.com\/#organization","name":"Kancelaria Prawna Pawe\u0142 Kobierzewski","url":"https:\/\/pkancelaria.com\/","logo":{"@type":"ImageObject","inLanguage":"pl-PL","@id":"https:\/\/pkancelaria.com\/#\/schema\/logo\/image\/","url":"https:\/\/pkancelaria.com\/wp-content\/uploads\/2023\/07\/PK-e1689415073467.png","contentUrl":"https:\/\/pkancelaria.com\/wp-content\/uploads\/2023\/07\/PK-e1689415073467.png","width":400,"height":286,"caption":"Kancelaria Prawna Pawe\u0142 Kobierzewski"},"image":{"@id":"https:\/\/pkancelaria.com\/#\/schema\/logo\/image\/"}}]}},"_links":{"self":[{"href":"https:\/\/pkancelaria.com\/index.php\/wp-json\/wp\/v2\/pages\/12","targetHints":{"allow":["GET"]}}],"collection":[{"href":"https:\/\/pkancelaria.com\/index.php\/wp-json\/wp\/v2\/pages"}],"about":[{"href":"https:\/\/pkancelaria.com\/index.php\/wp-json\/wp\/v2\/types\/page"}],"author":[{"embeddable":true,"href":"https:\/\/pkancelaria.com\/index.php\/wp-json\/wp\/v2\/users\/1"}],"replies":[{"embeddable":true,"href":"https:\/\/pkancelaria.com\/index.php\/wp-json\/wp\/v2\/comments?post=12"}],"version-history":[{"count":5,"href":"https:\/\/pkancelaria.com\/index.php\/wp-json\/wp\/v2\/pages\/12\/revisions"}],"predecessor-version":[{"id":5477,"href":"https:\/\/pkancelaria.com\/index.php\/wp-json\/wp\/v2\/pages\/12\/revisions\/5477"}],"wp:attachment":[{"href":"https:\/\/pkancelaria.com\/index.php\/wp-json\/wp\/v2\/media?parent=12"}],"curies":[{"name":"wp","href":"https:\/\/api.w.org\/{rel}","templated":true}]}}